{"id":35,"date":"2024-04-28T20:24:05","date_gmt":"2024-04-28T20:24:05","guid":{"rendered":"http:\/\/atmc-tunisie.com\/fr\/home\/"},"modified":"2024-05-01T17:34:26","modified_gmt":"2024-05-01T17:34:26","slug":"home","status":"publish","type":"page","link":"https:\/\/atmc-tunisie.com\/fr\/","title":{"rendered":"Home"},"content":{"rendered":"\n\n\n<figure class=\"wp-block-image size-large is-resized\"><img loading=\"lazy\" decoding=\"async\" width=\"1024\" height=\"1024\" src=\"https:\/\/atmc-tunisie.com\/fr\/wp-content\/uploads\/2024\/05\/149208532_207041644539367_3180063871476319976_n-1024x1024.jpg\" alt=\"\" class=\"wp-image-84\" style=\"width:417px;height:auto\" srcset=\"https:\/\/atmc-tunisie.com\/fr\/wp-content\/uploads\/2024\/05\/149208532_207041644539367_3180063871476319976_n-1024x1024.jpg 1024w, https:\/\/atmc-tunisie.com\/fr\/wp-content\/uploads\/2024\/05\/149208532_207041644539367_3180063871476319976_n-300x300.jpg 300w, https:\/\/atmc-tunisie.com\/fr\/wp-content\/uploads\/2024\/05\/149208532_207041644539367_3180063871476319976_n-150x150.jpg 150w, https:\/\/atmc-tunisie.com\/fr\/wp-content\/uploads\/2024\/05\/149208532_207041644539367_3180063871476319976_n-768x768.jpg 768w, https:\/\/atmc-tunisie.com\/fr\/wp-content\/uploads\/2024\/05\/149208532_207041644539367_3180063871476319976_n.jpg 1080w\" sizes=\"auto, (max-width: 1024px) 100vw, 1024px\" \/><\/figure>\n\n\n\n\n\n<h2>Le Groupe<\/h2>\n\n\n\n\n\n<p>Forte d&rsquo;un groupe, le groupe AFRICA, existant depuis 1973 et dont les activit\u00e9s touchent notamment au transit et au d\u00e9douanement de tous genres, elle est en mesure d&rsquo;offrir \u00e0 sa client\u00e8le plusieurs autres services englobant les op\u00e9rations de d\u00e9douanement, tout type d&rsquo;enl\u00e8vement au port ainsi que les livraisons \u00e0 domicile, se d\u00e9marquant ainsi de la concurrence en offrant un service complet.<\/p>\n\n\n\n\n\n\n\n<h2>Nos Investissements<\/h2>\n\n\n\n\n\n<p>L&rsquo;expansion d&rsquo;ATMC s\u2019est appuy\u00e9e entre autre sur les investissements judicieux qu&rsquo;elle a entrepris dans la construction d&rsquo;un premier site logistique puis d&rsquo;un deuxi\u00e8me plus cons\u00e9quent encore en triplant sa capacit\u00e9 de stockage.<br><\/p>\n\n\n\n\n\n<figure class=\"wp-block-image size-large\"><img loading=\"lazy\" decoding=\"async\" width=\"1024\" height=\"1024\" src=\"https:\/\/atmc-tunisie.com\/fr\/wp-content\/uploads\/2024\/05\/277659511_491853916058137_7740865459229751659_n-1024x1024.jpg\" alt=\"\" class=\"wp-image-85\" srcset=\"https:\/\/atmc-tunisie.com\/fr\/wp-content\/uploads\/2024\/05\/277659511_491853916058137_7740865459229751659_n-1024x1024.jpg 1024w, https:\/\/atmc-tunisie.com\/fr\/wp-content\/uploads\/2024\/05\/277659511_491853916058137_7740865459229751659_n-300x300.jpg 300w, https:\/\/atmc-tunisie.com\/fr\/wp-content\/uploads\/2024\/05\/277659511_491853916058137_7740865459229751659_n-150x150.jpg 150w, https:\/\/atmc-tunisie.com\/fr\/wp-content\/uploads\/2024\/05\/277659511_491853916058137_7740865459229751659_n-768x768.jpg 768w, https:\/\/atmc-tunisie.com\/fr\/wp-content\/uploads\/2024\/05\/277659511_491853916058137_7740865459229751659_n.jpg 1080w\" sizes=\"auto, (max-width: 1024px) 100vw, 1024px\" \/><\/figure>\n\n\n\n\n\n\n\n\n\n\n\n<p><mark style=\"background-color:rgba(0, 0, 0, 0)\" class=\"has-inline-color has-white-color\">Grace \u00e0 ses implantations, ses moyens technologiques et ses \u00e9quipes exp\u00e9riment\u00e9es, ATMC est \u00e0 m\u00eame de proposer une offre globale de transport et de logistique, quels que soient la nature de la marchandise, ses lieux d&rsquo;exp\u00e9dition et de livraison et la complexit\u00e9 des op\u00e9rations compl\u00e9mentaires \u00e0 r\u00e9aliser.<\/mark><\/p>\n\n\n\n\n\n\n\n<p><mark style=\"background-color:rgba(0, 0, 0, 0)\" class=\"has-inline-color has-white-color\">La force d&rsquo;ATMC repose sur des valeurs partag\u00e9es en son sein, d&rsquo;engagement, d&rsquo;excellence et de proximit\u00e9 avec ses clients et ses collaborateurs mais \u00e9galement sur une recherche permanente d&rsquo;innovation.<\/mark><\/p>\n\n\n\n\n\n\n\n<p><mark style=\"background-color:rgba(0, 0, 0, 0)\" class=\"has-inline-color has-white-color\"><strong>Parcours historique: <\/strong>  <strong>Derni\u00e8re-<\/strong>n\u00e9e du groupe AFRICA, ATMC a \u00e9t\u00e9 cr\u00e9\u00e9e en Janvier 1993 et a \u00e9lu domicile dans une zone industrielle \u00e0 proximit\u00e9 de l&rsquo;un des Ports les plus importants de Tunisie. D&rsquo;une superficie de 900 m2 englobant une administration et un entrep\u00f4t, ATMC a enregistr\u00e9 une extension, 6 ans apr\u00e8s mois pour mois, qui a vu sa superficie atteindre 1500 m<\/mark>2.<\/p>\n\n\n\n\n","protected":false},"excerpt":{"rendered":"","protected":false},"author":0,"featured_media":0,"parent":0,"menu_order":0,"comment_status":"closed","ping_status":"closed","template":"","meta":{"pagelayer_contact_templates":[],"_pagelayer_content":"","footnotes":""},"class_list":["post-35","page","type-page","status-publish","hentry"],"_links":{"self":[{"href":"https:\/\/atmc-tunisie.com\/fr\/wp-json\/wp\/v2\/pages\/35","targetHints":{"allow":["GET"]}}],"collection":[{"href":"https:\/\/atmc-tunisie.com\/fr\/wp-json\/wp\/v2\/pages"}],"about":[{"href":"https:\/\/atmc-tunisie.com\/fr\/wp-json\/wp\/v2\/types\/page"}],"replies":[{"embeddable":true,"href":"https:\/\/atmc-tunisie.com\/fr\/wp-json\/wp\/v2\/comments?post=35"}],"version-history":[{"count":2,"href":"https:\/\/atmc-tunisie.com\/fr\/wp-json\/wp\/v2\/pages\/35\/revisions"}],"predecessor-version":[{"id":86,"href":"https:\/\/atmc-tunisie.com\/fr\/wp-json\/wp\/v2\/pages\/35\/revisions\/86"}],"wp:attachment":[{"href":"https:\/\/atmc-tunisie.com\/fr\/wp-json\/wp\/v2\/media?parent=35"}],"curies":[{"name":"wp","href":"https:\/\/api.w.org\/{rel}","templated":true}]}}