{"id":36,"date":"2024-04-28T20:24:05","date_gmt":"2024-04-28T20:24:05","guid":{"rendered":"http:\/\/atmc-tunisie.com\/fr\/about\/"},"modified":"2024-04-30T12:16:27","modified_gmt":"2024-04-30T12:16:27","slug":"about","status":"publish","type":"page","link":"https:\/\/atmc-tunisie.com\/fr\/sample-page\/about\/","title":{"rendered":"Nos Atout"},"content":{"rendered":"\n\n\n\n\n<div class=\"wp-block-columns is-layout-flex wp-container-core-columns-is-layout-9d6595d7 wp-block-columns-is-layout-flex\">\n<div class=\"wp-block-column is-layout-flow wp-block-column-is-layout-flow\" style=\"flex-basis:100%\">\n<figure class=\"wp-block-image size-large\"><img loading=\"lazy\" decoding=\"async\" width=\"1024\" height=\"913\" src=\"https:\/\/atmc-tunisie.com\/fr\/wp-content\/uploads\/2024\/04\/174148985_253893413187523_5956119731196139901_n-1024x913.jpg\" alt=\"\" class=\"wp-image-75\" srcset=\"https:\/\/atmc-tunisie.com\/fr\/wp-content\/uploads\/2024\/04\/174148985_253893413187523_5956119731196139901_n-1024x913.jpg 1024w, https:\/\/atmc-tunisie.com\/fr\/wp-content\/uploads\/2024\/04\/174148985_253893413187523_5956119731196139901_n-300x268.jpg 300w, https:\/\/atmc-tunisie.com\/fr\/wp-content\/uploads\/2024\/04\/174148985_253893413187523_5956119731196139901_n-768x685.jpg 768w, https:\/\/atmc-tunisie.com\/fr\/wp-content\/uploads\/2024\/04\/174148985_253893413187523_5956119731196139901_n.jpg 1080w\" sizes=\"auto, (max-width: 1024px) 100vw, 1024px\" \/><\/figure>\n<\/div>\n<\/div>\n\n\n\n\n\n<h3>Nos Atout<\/h3>\n\n\n\n\n\n<p>Nos Atouts<br>Gagner votre confiance, c\u2019est d\u2019abord vous \u00e9couter pour mieux vous orienter.<br>Un interlocuteur unique, largement autonome et responsable, sera toujours \u00e0 vos cotes pour mettre en \u0153uvre les solutions que vous \u00eates en droit d\u2019attendre d\u2019un professionnel.<\/p>\n\n\n\n\n\n\n\n<p>toutes nos relations sont formalis\u00e9es par une convention ATMC, reprenant point par point, les moments de n\u00e9gociation ainsi que nos conditions g\u00e9n\u00e9rales de vente.<\/p>\n\n\n\n\n\n<p><br>votre interlocuteur ATMC vous tiendra r\u00e9guli\u00e8rement au courant du suivi par e-mail de toutes vos affaires.<\/p>\n\n\n\n\n\n<p>Maturit\u00e9s, celle d\u2019une \u00e9quipe bien en phase avec les pr\u00e9occupations d\u2019un importateur; bien en avant-garde pour anticiper.<\/p>\n\n\n\n\n\n\n\n<p>Celle du groupe AFRICA implant\u00e9 depuis 30 ans sur les principaux ports tunisiens, capable d\u2019apporter toute son expertise en Fret.<\/p>\n\n\n\n\n\n<p>L&rsquo;excellence et la proximit\u00e9 avec ses clients et ses collaborateurs mais \u00e9galement sur une recherche permanente d&rsquo;innovation.<\/p>\n\n\n\n\n\n<p>Nous allons m\u00eame jusqu&rsquo;\u00e0 garantir le remboursement de tout client insatisfait.<\/p>\n\n\n\n\n\n\n<div class=\"wp-block-image\">\n<figure class=\"alignleft size-full is-resized\"><img loading=\"lazy\" decoding=\"async\" width=\"720\" height=\"405\" src=\"https:\/\/atmc-tunisie.com\/fr\/wp-content\/uploads\/2024\/04\/360135103_1468510313960411_2244061952622893262_n-1.jpg\" alt=\"\" class=\"wp-image-74\" style=\"width:396px;height:auto\" srcset=\"https:\/\/atmc-tunisie.com\/fr\/wp-content\/uploads\/2024\/04\/360135103_1468510313960411_2244061952622893262_n-1.jpg 720w, https:\/\/atmc-tunisie.com\/fr\/wp-content\/uploads\/2024\/04\/360135103_1468510313960411_2244061952622893262_n-1-300x169.jpg 300w\" sizes=\"auto, (max-width: 720px) 100vw, 720px\" \/><\/figure>\n<\/div>\n\n\n\n<div class=\"wp-block-image\">\n<figure class=\"aligncenter size-large is-resized\"><img loading=\"lazy\" decoding=\"async\" width=\"1024\" height=\"1024\" src=\"https:\/\/atmc-tunisie.com\/fr\/wp-content\/uploads\/2024\/04\/158863068_224897586087106_6403660303228224739_n-1024x1024.jpg\" alt=\"\" class=\"wp-image-71\" style=\"width:234px;height:auto\" srcset=\"https:\/\/atmc-tunisie.com\/fr\/wp-content\/uploads\/2024\/04\/158863068_224897586087106_6403660303228224739_n-1024x1024.jpg 1024w, https:\/\/atmc-tunisie.com\/fr\/wp-content\/uploads\/2024\/04\/158863068_224897586087106_6403660303228224739_n-300x300.jpg 300w, https:\/\/atmc-tunisie.com\/fr\/wp-content\/uploads\/2024\/04\/158863068_224897586087106_6403660303228224739_n-150x150.jpg 150w, https:\/\/atmc-tunisie.com\/fr\/wp-content\/uploads\/2024\/04\/158863068_224897586087106_6403660303228224739_n-768x768.jpg 768w, https:\/\/atmc-tunisie.com\/fr\/wp-content\/uploads\/2024\/04\/158863068_224897586087106_6403660303228224739_n.jpg 1080w\" sizes=\"auto, (max-width: 1024px) 100vw, 1024px\" \/><\/figure>\n<\/div>\n\n","protected":false},"excerpt":{"rendered":"","protected":false},"author":1,"featured_media":0,"parent":2,"menu_order":0,"comment_status":"closed","ping_status":"closed","template":"","meta":{"pagelayer_contact_templates":[],"_pagelayer_content":"","footnotes":""},"class_list":["post-36","page","type-page","status-publish","hentry"],"_links":{"self":[{"href":"https:\/\/atmc-tunisie.com\/fr\/wp-json\/wp\/v2\/pages\/36","targetHints":{"allow":["GET"]}}],"collection":[{"href":"https:\/\/atmc-tunisie.com\/fr\/wp-json\/wp\/v2\/pages"}],"about":[{"href":"https:\/\/atmc-tunisie.com\/fr\/wp-json\/wp\/v2\/types\/page"}],"author":[{"embeddable":true,"href":"https:\/\/atmc-tunisie.com\/fr\/wp-json\/wp\/v2\/users\/1"}],"replies":[{"embeddable":true,"href":"https:\/\/atmc-tunisie.com\/fr\/wp-json\/wp\/v2\/comments?post=36"}],"version-history":[{"count":13,"href":"https:\/\/atmc-tunisie.com\/fr\/wp-json\/wp\/v2\/pages\/36\/revisions"}],"predecessor-version":[{"id":78,"href":"https:\/\/atmc-tunisie.com\/fr\/wp-json\/wp\/v2\/pages\/36\/revisions\/78"}],"up":[{"embeddable":true,"href":"https:\/\/atmc-tunisie.com\/fr\/wp-json\/wp\/v2\/pages\/2"}],"wp:attachment":[{"href":"https:\/\/atmc-tunisie.com\/fr\/wp-json\/wp\/v2\/media?parent=36"}],"curies":[{"name":"wp","href":"https:\/\/api.w.org\/{rel}","templated":true}]}}